{"id":596,"date":"2025-02-12T12:49:34","date_gmt":"2025-02-12T12:49:34","guid":{"rendered":"https:\/\/climaelectrico.com\/producto\/instalacion-y-mantenimiento-electrico-y-clima-pro\/"},"modified":"2025-02-12T12:49:34","modified_gmt":"2025-02-12T12:49:34","slug":"instalacion-y-mantenimiento-electrico-y-clima-pro","status":"publish","type":"product","link":"https:\/\/climaelectrico.com\/en\/producto\/instalacion-y-mantenimiento-electrico-y-clima-pro\/","title":{"rendered":"Instalaci\u00f3n y mantenimiento el\u00e9ctrico y clima PRO"},"content":{"rendered":"<p>Servicio estrella en instalaci\u00f3n, reparaci\u00f3n y mantenimiento el\u00e9ctrico y climatizaci\u00f3n. Urgencias 24\/7 para que siempre est\u00e9s cubierto.<\/p>\n","protected":false},"excerpt":{"rendered":"<p>Instalaci\u00f3n y reparaci\u00f3n el\u00e9ctrica y clima. Servicio 24\/7.<\/p>\n","protected":false},"featured_media":421,"comment_status":"open","ping_status":"closed","template":"","meta":{"_acf_changed":false,"iawp_total_views":1},"marca":[45,56],"product_brand":[],"product_cat":[84,85],"product_tag":[86,87,91],"class_list":{"0":"post-596","1":"product","2":"type-product","3":"status-publish","4":"has-post-thumbnail","6":"marca-climapro","7":"marca-electriplus","8":"product_cat-climatizacion-en","9":"product_cat-electricidad-en","10":"product_tag-climatizacion-en","11":"product_tag-electricidad-en","12":"product_tag-urgencias-en","14":"first","15":"instock","16":"sale","17":"shipping-taxable","18":"purchasable","19":"product-type-simple"},"acf":[],"yoast_head":"<!-- This site is optimized with the Yoast SEO plugin v27.4 - https:\/\/yoast.com\/product\/yoast-seo-wordpress\/ -->\n<title>Instalaci\u00f3n y mantenimiento el\u00e9ctrico y clima PRO - Clima-Electric Multiservicios<\/title>\n<meta name=\"robots\" content=\"index, follow, max-snippet:-1, max-image-preview:large, max-video-preview:-1\" \/>\n<link rel=\"canonical\" href=\"https:\/\/climaelectrico.com\/en\/producto\/instalacion-y-mantenimiento-electrico-y-clima-pro\/\" \/>\n<meta property=\"og:locale\" content=\"en_US\" \/>\n<meta property=\"og:type\" content=\"article\" \/>\n<meta property=\"og:title\" content=\"Instalaci\u00f3n y mantenimiento el\u00e9ctrico y clima PRO - Clima-Electric Multiservicios\" \/>\n<meta property=\"og:description\" content=\"Instalaci\u00f3n y reparaci\u00f3n el\u00e9ctrica y clima. Servicio 24\/7.\" \/>\n<meta property=\"og:url\" content=\"https:\/\/climaelectrico.com\/en\/producto\/instalacion-y-mantenimiento-electrico-y-clima-pro\/\" \/>\n<meta property=\"og:site_name\" content=\"Clima-Electric Multiservicios\" \/>\n<meta name=\"twitter:card\" content=\"summary_large_image\" \/>\n<!-- \/ Yoast SEO plugin. -->","yoast_head_json":{"title":"Instalaci\u00f3n y mantenimiento el\u00e9ctrico y clima PRO - Clima-Electric Multiservicios","robots":{"index":"index","follow":"follow","max-snippet":"max-snippet:-1","max-image-preview":"max-image-preview:large","max-video-preview":"max-video-preview:-1"},"canonical":"https:\/\/climaelectrico.com\/en\/producto\/instalacion-y-mantenimiento-electrico-y-clima-pro\/","og_locale":"en_US","og_type":"article","og_title":"Instalaci\u00f3n y mantenimiento el\u00e9ctrico y clima PRO - Clima-Electric Multiservicios","og_description":"Instalaci\u00f3n y reparaci\u00f3n el\u00e9ctrica y clima. Servicio 24\/7.","og_url":"https:\/\/climaelectrico.com\/en\/producto\/instalacion-y-mantenimiento-electrico-y-clima-pro\/","og_site_name":"Clima-Electric Multiservicios","twitter_card":"summary_large_image","schema":{"@context":"https:\/\/schema.org","@graph":[{"@type":"WebPage","@id":"https:\/\/climaelectrico.com\/en\/producto\/instalacion-y-mantenimiento-electrico-y-clima-pro\/","url":"https:\/\/climaelectrico.com\/en\/producto\/instalacion-y-mantenimiento-electrico-y-clima-pro\/","name":"Instalaci\u00f3n y mantenimiento el\u00e9ctrico y clima PRO - Clima-Electric Multiservicios","isPartOf":{"@id":"https:\/\/climaelectrico.com\/en\/#website"},"primaryImageOfPage":{"@id":"https:\/\/climaelectrico.com\/en\/producto\/instalacion-y-mantenimiento-electrico-y-clima-pro\/#primaryimage"},"image":{"@id":"https:\/\/climaelectrico.com\/en\/producto\/instalacion-y-mantenimiento-electrico-y-clima-pro\/#primaryimage"},"thumbnailUrl":"https:\/\/climaelectrico.com\/wp-content\/uploads\/2025\/02\/Leonardo_Vision_XL_Ilustracin_de_un_tcnico_sonriente_en_un_ent_0.jpg","datePublished":"2025-02-12T12:49:34+00:00","breadcrumb":{"@id":"https:\/\/climaelectrico.com\/en\/producto\/instalacion-y-mantenimiento-electrico-y-clima-pro\/#breadcrumb"},"inLanguage":"en-US","potentialAction":[{"@type":"ReadAction","target":["https:\/\/climaelectrico.com\/en\/producto\/instalacion-y-mantenimiento-electrico-y-clima-pro\/"]}]},{"@type":"ImageObject","inLanguage":"en-US","@id":"https:\/\/climaelectrico.com\/en\/producto\/instalacion-y-mantenimiento-electrico-y-clima-pro\/#primaryimage","url":"https:\/\/climaelectrico.com\/wp-content\/uploads\/2025\/02\/Leonardo_Vision_XL_Ilustracin_de_un_tcnico_sonriente_en_un_ent_0.jpg","contentUrl":"https:\/\/climaelectrico.com\/wp-content\/uploads\/2025\/02\/Leonardo_Vision_XL_Ilustracin_de_un_tcnico_sonriente_en_un_ent_0.jpg","width":1792,"height":1456},{"@type":"BreadcrumbList","@id":"https:\/\/climaelectrico.com\/en\/producto\/instalacion-y-mantenimiento-electrico-y-clima-pro\/#breadcrumb","itemListElement":[{"@type":"ListItem","position":1,"name":"Portada","item":"https:\/\/climaelectrico.com\/en\/"},{"@type":"ListItem","position":2,"name":"Tienda","item":"https:\/\/climaelectrico.com\/en\/tienda\/"},{"@type":"ListItem","position":3,"name":"Instalaci\u00f3n y mantenimiento el\u00e9ctrico y clima PRO"}]},{"@type":"WebSite","@id":"https:\/\/climaelectrico.com\/en\/#website","url":"https:\/\/climaelectrico.com\/en\/","name":"Clima-Electric Multiservicios","description":"","publisher":{"@id":"https:\/\/climaelectrico.com\/en\/#organization"},"potentialAction":[{"@type":"SearchAction","target":{"@type":"EntryPoint","urlTemplate":"https:\/\/climaelectrico.com\/en\/?s={search_term_string}"},"query-input":{"@type":"PropertyValueSpecification","valueRequired":true,"valueName":"search_term_string"}}],"inLanguage":"en-US"},{"@type":"Organization","@id":"https:\/\/climaelectrico.com\/en\/#organization","name":"Clima-Electric Multiservicios","url":"https:\/\/climaelectrico.com\/en\/","logo":{"@type":"ImageObject","inLanguage":"en-US","@id":"https:\/\/climaelectrico.com\/en\/#\/schema\/logo\/image\/","url":"https:\/\/climaelectrico.com\/wp-content\/uploads\/2025\/02\/67ac63989c437_logo-e1740069175212.png","contentUrl":"https:\/\/climaelectrico.com\/wp-content\/uploads\/2025\/02\/67ac63989c437_logo-e1740069175212.png","width":500,"height":500,"caption":"Clima-Electric Multiservicios"},"image":{"@id":"https:\/\/climaelectrico.com\/en\/#\/schema\/logo\/image\/"}}]}},"_links":{"self":[{"href":"https:\/\/climaelectrico.com\/en\/wp-json\/wp\/v2\/product\/596","targetHints":{"allow":["GET"]}}],"collection":[{"href":"https:\/\/climaelectrico.com\/en\/wp-json\/wp\/v2\/product"}],"about":[{"href":"https:\/\/climaelectrico.com\/en\/wp-json\/wp\/v2\/types\/product"}],"replies":[{"embeddable":true,"href":"https:\/\/climaelectrico.com\/en\/wp-json\/wp\/v2\/comments?post=596"}],"wp:featuredmedia":[{"embeddable":true,"href":"https:\/\/climaelectrico.com\/en\/wp-json\/wp\/v2\/media\/421"}],"wp:attachment":[{"href":"https:\/\/climaelectrico.com\/en\/wp-json\/wp\/v2\/media?parent=596"}],"wp:term":[{"taxonomy":"marca","embeddable":true,"href":"https:\/\/climaelectrico.com\/en\/wp-json\/wp\/v2\/marca?post=596"},{"taxonomy":"product_brand","embeddable":true,"href":"https:\/\/climaelectrico.com\/en\/wp-json\/wp\/v2\/product_brand?post=596"},{"taxonomy":"product_cat","embeddable":true,"href":"https:\/\/climaelectrico.com\/en\/wp-json\/wp\/v2\/product_cat?post=596"},{"taxonomy":"product_tag","embeddable":true,"href":"https:\/\/climaelectrico.com\/en\/wp-json\/wp\/v2\/product_tag?post=596"}],"curies":[{"name":"wp","href":"https:\/\/api.w.org\/{rel}","templated":true}]}}