{"id":588,"date":"2025-02-12T12:57:25","date_gmt":"2025-02-12T12:57:25","guid":{"rendered":"https:\/\/climaelectrico.com\/producto\/instalaciones-y-reparaciones-electrico-clima\/"},"modified":"2025-02-12T12:57:25","modified_gmt":"2025-02-12T12:57:25","slug":"instalaciones-y-reparaciones-electrico-clima","status":"publish","type":"product","link":"https:\/\/climaelectrico.com\/en\/producto\/instalaciones-y-reparaciones-electrico-clima\/","title":{"rendered":"Instalaciones y Reparaciones El\u00e9ctrico-Clima"},"content":{"rendered":"<p>\u00a1Olv\u00eddate de los apagones y el sudor! Instalamos y reparamos sistemas el\u00e9ctricos y de climatizaci\u00f3n al instante. S.O.S. 24h.<\/p>\n","protected":false},"excerpt":{"rendered":"<p>Especialistas en electricidad y climatizaci\u00f3n a tu rescate.<\/p>\n","protected":false},"featured_media":493,"comment_status":"open","ping_status":"closed","template":"","meta":{"_acf_changed":false,"iawp_total_views":2},"marca":[45,70],"product_brand":[],"product_cat":[84,85],"product_tag":[96,86,87],"class_list":{"0":"post-588","1":"product","2":"type-product","3":"status-publish","4":"has-post-thumbnail","6":"marca-climapro","7":"marca-electrofix","8":"product_cat-climatizacion-en","9":"product_cat-electricidad-en","10":"product_tag-24horas-en","11":"product_tag-climatizacion-en","12":"product_tag-electricidad-en","14":"first","15":"instock","16":"sale","17":"shipping-taxable","18":"purchasable","19":"product-type-simple"},"acf":[],"yoast_head":"<!-- This site is optimized with the Yoast SEO plugin v27.4 - https:\/\/yoast.com\/product\/yoast-seo-wordpress\/ -->\n<title>Instalaciones y Reparaciones El\u00e9ctrico-Clima - Clima-Electric Multiservicios<\/title>\n<meta name=\"robots\" content=\"index, follow, max-snippet:-1, max-image-preview:large, max-video-preview:-1\" \/>\n<link rel=\"canonical\" href=\"https:\/\/climaelectrico.com\/en\/producto\/instalaciones-y-reparaciones-electrico-clima\/\" \/>\n<meta property=\"og:locale\" content=\"en_US\" \/>\n<meta property=\"og:type\" content=\"article\" \/>\n<meta property=\"og:title\" content=\"Instalaciones y Reparaciones El\u00e9ctrico-Clima - Clima-Electric Multiservicios\" \/>\n<meta property=\"og:description\" content=\"Especialistas en electricidad y climatizaci\u00f3n a tu rescate.\" \/>\n<meta property=\"og:url\" content=\"https:\/\/climaelectrico.com\/en\/producto\/instalaciones-y-reparaciones-electrico-clima\/\" \/>\n<meta property=\"og:site_name\" content=\"Clima-Electric Multiservicios\" \/>\n<meta name=\"twitter:card\" content=\"summary_large_image\" \/>\n<!-- \/ Yoast SEO plugin. -->","yoast_head_json":{"title":"Instalaciones y Reparaciones El\u00e9ctrico-Clima - Clima-Electric Multiservicios","robots":{"index":"index","follow":"follow","max-snippet":"max-snippet:-1","max-image-preview":"max-image-preview:large","max-video-preview":"max-video-preview:-1"},"canonical":"https:\/\/climaelectrico.com\/en\/producto\/instalaciones-y-reparaciones-electrico-clima\/","og_locale":"en_US","og_type":"article","og_title":"Instalaciones y Reparaciones El\u00e9ctrico-Clima - Clima-Electric Multiservicios","og_description":"Especialistas en electricidad y climatizaci\u00f3n a tu rescate.","og_url":"https:\/\/climaelectrico.com\/en\/producto\/instalaciones-y-reparaciones-electrico-clima\/","og_site_name":"Clima-Electric Multiservicios","twitter_card":"summary_large_image","schema":{"@context":"https:\/\/schema.org","@graph":[{"@type":"WebPage","@id":"https:\/\/climaelectrico.com\/en\/producto\/instalaciones-y-reparaciones-electrico-clima\/","url":"https:\/\/climaelectrico.com\/en\/producto\/instalaciones-y-reparaciones-electrico-clima\/","name":"Instalaciones y Reparaciones El\u00e9ctrico-Clima - Clima-Electric Multiservicios","isPartOf":{"@id":"https:\/\/climaelectrico.com\/en\/#website"},"primaryImageOfPage":{"@id":"https:\/\/climaelectrico.com\/en\/producto\/instalaciones-y-reparaciones-electrico-clima\/#primaryimage"},"image":{"@id":"https:\/\/climaelectrico.com\/en\/producto\/instalaciones-y-reparaciones-electrico-clima\/#primaryimage"},"thumbnailUrl":"https:\/\/climaelectrico.com\/wp-content\/uploads\/2025\/02\/Leonardo_Vision_XL_Imagen_con_fondo_colorido_y_divertido_En_el_0.jpg","datePublished":"2025-02-12T12:57:25+00:00","breadcrumb":{"@id":"https:\/\/climaelectrico.com\/en\/producto\/instalaciones-y-reparaciones-electrico-clima\/#breadcrumb"},"inLanguage":"en-US","potentialAction":[{"@type":"ReadAction","target":["https:\/\/climaelectrico.com\/en\/producto\/instalaciones-y-reparaciones-electrico-clima\/"]}]},{"@type":"ImageObject","inLanguage":"en-US","@id":"https:\/\/climaelectrico.com\/en\/producto\/instalaciones-y-reparaciones-electrico-clima\/#primaryimage","url":"https:\/\/climaelectrico.com\/wp-content\/uploads\/2025\/02\/Leonardo_Vision_XL_Imagen_con_fondo_colorido_y_divertido_En_el_0.jpg","contentUrl":"https:\/\/climaelectrico.com\/wp-content\/uploads\/2025\/02\/Leonardo_Vision_XL_Imagen_con_fondo_colorido_y_divertido_En_el_0.jpg","width":1792,"height":1456},{"@type":"BreadcrumbList","@id":"https:\/\/climaelectrico.com\/en\/producto\/instalaciones-y-reparaciones-electrico-clima\/#breadcrumb","itemListElement":[{"@type":"ListItem","position":1,"name":"Portada","item":"https:\/\/climaelectrico.com\/en\/"},{"@type":"ListItem","position":2,"name":"Tienda","item":"https:\/\/climaelectrico.com\/en\/tienda\/"},{"@type":"ListItem","position":3,"name":"Instalaciones y Reparaciones El\u00e9ctrico-Clima"}]},{"@type":"WebSite","@id":"https:\/\/climaelectrico.com\/en\/#website","url":"https:\/\/climaelectrico.com\/en\/","name":"Clima-Electric Multiservicios","description":"","publisher":{"@id":"https:\/\/climaelectrico.com\/en\/#organization"},"potentialAction":[{"@type":"SearchAction","target":{"@type":"EntryPoint","urlTemplate":"https:\/\/climaelectrico.com\/en\/?s={search_term_string}"},"query-input":{"@type":"PropertyValueSpecification","valueRequired":true,"valueName":"search_term_string"}}],"inLanguage":"en-US"},{"@type":"Organization","@id":"https:\/\/climaelectrico.com\/en\/#organization","name":"Clima-Electric Multiservicios","url":"https:\/\/climaelectrico.com\/en\/","logo":{"@type":"ImageObject","inLanguage":"en-US","@id":"https:\/\/climaelectrico.com\/en\/#\/schema\/logo\/image\/","url":"https:\/\/climaelectrico.com\/wp-content\/uploads\/2025\/02\/67ac63989c437_logo-e1740069175212.png","contentUrl":"https:\/\/climaelectrico.com\/wp-content\/uploads\/2025\/02\/67ac63989c437_logo-e1740069175212.png","width":500,"height":500,"caption":"Clima-Electric Multiservicios"},"image":{"@id":"https:\/\/climaelectrico.com\/en\/#\/schema\/logo\/image\/"}}]}},"_links":{"self":[{"href":"https:\/\/climaelectrico.com\/en\/wp-json\/wp\/v2\/product\/588","targetHints":{"allow":["GET"]}}],"collection":[{"href":"https:\/\/climaelectrico.com\/en\/wp-json\/wp\/v2\/product"}],"about":[{"href":"https:\/\/climaelectrico.com\/en\/wp-json\/wp\/v2\/types\/product"}],"replies":[{"embeddable":true,"href":"https:\/\/climaelectrico.com\/en\/wp-json\/wp\/v2\/comments?post=588"}],"wp:featuredmedia":[{"embeddable":true,"href":"https:\/\/climaelectrico.com\/en\/wp-json\/wp\/v2\/media\/493"}],"wp:attachment":[{"href":"https:\/\/climaelectrico.com\/en\/wp-json\/wp\/v2\/media?parent=588"}],"wp:term":[{"taxonomy":"marca","embeddable":true,"href":"https:\/\/climaelectrico.com\/en\/wp-json\/wp\/v2\/marca?post=588"},{"taxonomy":"product_brand","embeddable":true,"href":"https:\/\/climaelectrico.com\/en\/wp-json\/wp\/v2\/product_brand?post=588"},{"taxonomy":"product_cat","embeddable":true,"href":"https:\/\/climaelectrico.com\/en\/wp-json\/wp\/v2\/product_cat?post=588"},{"taxonomy":"product_tag","embeddable":true,"href":"https:\/\/climaelectrico.com\/en\/wp-json\/wp\/v2\/product_tag?post=588"}],"curies":[{"name":"wp","href":"https:\/\/api.w.org\/{rel}","templated":true}]}}